{"id":1206,"date":"2019-11-20T11:59:39","date_gmt":"2019-11-20T10:59:39","guid":{"rendered":"<p>[vc_column width=\"1\/3\"][vc_hoverbox image=\"1221\" primary_title=\"ND\u00cbRHYRJE P\u00cbR SJELLJE POZITIVE\" hover_title=\"\"]<a href=\"http:\/\/3i.al\/wp-content\/uploads\/2020\/04\/first.mp4\">Nd\u00ebrhyrje p\u00ebr sjellje pozitive. Veprimtari online<\/a>[\/vc_hoverbox][\/vc_column][v"},"modified":"2020-05-21T14:31:41","modified_gmt":"2020-05-21T12:31:41","slug":"manuale","status":"publish","type":"page","link":"https:\/\/3i.al\/?page_id=1206","title":{"rendered":"Manuale"},"content":{"rendered":"<div class=\"wpb-content-wrapper\"><p>[vc_column width=&#8221;1\/3&#8243;][vc_hoverbox image=&#8221;1221&#8243; primary_title=&#8221;ND\u00cbRHYRJE P\u00cbR SJELLJE POZITIVE&#8221; hover_title=&#8221;&#8221;]<a href=\"http:\/\/3i.al\/wp-content\/uploads\/2020\/04\/first.mp4\">Nd\u00ebrhyrje p\u00ebr sjellje pozitive. Veprimtari online<\/a>[\/vc_hoverbox][\/vc_column][vc_column width=&#8221;1\/3&#8243;][vc_hoverbox image=&#8221;1050&#8243; primary_title=&#8221;Nd\u00ebrhyrje p\u00ebr sjellje pozitive. Veprimtari online&#8221; hover_title=&#8221;&#8221;]<a href=\"http:\/\/3i.al\/wp-content\/uploads\/2020\/04\/third.mp4\">Nd\u00ebrhyrje p\u00ebr sjellje pozitive. Veprimtari online<\/a>[\/vc_hoverbox][\/vc_column][vc_column width=&#8221;1\/3&#8243;][vc_hoverbox image=&#8221;1050&#8243; primary_title=&#8221;ND\u00cbRHYRJET DHE MB\u00cbSHTETJET POZITIVE T\u00cb SJELLJES&#8221; hover_title=&#8221;&#8221;]<a href=\"http:\/\/3i.al\/wp-content\/uploads\/2020\/04\/first.mp4\">ND\u00cbRHYRJET DHE MB\u00cbSHTETJET POZITIVE T\u00cb SJELLJES<\/a>[\/vc_hoverbox][\/vc_column][vc_row][vc_column width=&#8221;1\/3&#8243;][vc_hoverbox image=&#8221;270&#8243; primary_title=&#8221;Pandeli Cale&#8221; hover_title=&#8221;&#8221;]<div style=\"width: 576px;\" class=\"wp-video\"><!--[if lt IE 9]><script>document.createElement('video');<\/script><![endif]-->\n<video class=\"wp-video-shortcode\" id=\"video-1206-1\" width=\"576\" height=\"320\" preload=\"metadata\" controls=\"controls\"><source type=\"video\/mp4\" src=\"http:\/\/3i.al\/wp-content\/uploads\/2020\/05\/Pandeli-Cale.mp4?_=1\" \/><a href=\"http:\/\/3i.al\/wp-content\/uploads\/2020\/05\/Pandeli-Cale.mp4\">http:\/\/3i.al\/wp-content\/uploads\/2020\/05\/Pandeli-Cale.mp4<\/a><\/video><\/div>[\/vc_hoverbox][\/vc_column][vc_column width=&#8221;1\/3&#8243;][vc_hoverbox image=&#8221;270&#8243; primary_title=&#8221;Naum Veqhilarxhi&#8221; hover_title=&#8221;&#8221;]<div style=\"width: 432px;\" class=\"wp-video\"><video class=\"wp-video-shortcode\" id=\"video-1206-2\" width=\"432\" height=\"320\" preload=\"metadata\" controls=\"controls\"><source type=\"video\/mp4\" src=\"http:\/\/3i.al\/wp-content\/uploads\/2020\/05\/Naum-Veqhilarxhi.mp4?_=2\" \/><a href=\"http:\/\/3i.al\/wp-content\/uploads\/2020\/05\/Naum-Veqhilarxhi.mp4\">http:\/\/3i.al\/wp-content\/uploads\/2020\/05\/Naum-Veqhilarxhi.mp4<\/a><\/video><\/div>[\/vc_hoverbox][\/vc_column][vc_column width=&#8221;1\/3&#8243;][vc_hoverbox image=&#8221;270&#8243; primary_title=&#8221;Gjergj Fishta&#8221; hover_title=&#8221;&#8221;]<div style=\"width: 416px;\" class=\"wp-video\"><video class=\"wp-video-shortcode\" id=\"video-1206-3\" width=\"416\" height=\"320\" preload=\"metadata\" controls=\"controls\"><source type=\"video\/mp4\" src=\"http:\/\/3i.al\/wp-content\/uploads\/2020\/05\/Gjergj-Fishta.mp4?_=3\" \/><a href=\"http:\/\/3i.al\/wp-content\/uploads\/2020\/05\/Gjergj-Fishta.mp4\">http:\/\/3i.al\/wp-content\/uploads\/2020\/05\/Gjergj-Fishta.mp4<\/a><\/video><\/div>[\/vc_hoverbox][\/vc_column][\/vc_row][vc_row][vc_column width=&#8221;1\/3&#8243;][vc_hoverbox image=&#8221;270&#8243; primary_title=&#8221;22 tetori 1 &#8221; hover_title=&#8221;&#8221;]<div style=\"width: 560px;\" class=\"wp-video\"><video class=\"wp-video-shortcode\" id=\"video-1206-4\" width=\"560\" height=\"320\" preload=\"metadata\" controls=\"controls\"><source type=\"video\/mp4\" src=\"http:\/\/3i.al\/wp-content\/uploads\/2020\/05\/22-tetori-1-2.mp4?_=4\" \/><a href=\"http:\/\/3i.al\/wp-content\/uploads\/2020\/05\/22-tetori-1-2.mp4\">http:\/\/3i.al\/wp-content\/uploads\/2020\/05\/22-tetori-1-2.mp4<\/a><\/video><\/div>[\/vc_hoverbox][\/vc_column][vc_column width=&#8221;1\/3&#8243;][vc_hoverbox image=&#8221;270&#8243; primary_title=&#8221;22 tetori 2&#8243; hover_title=&#8221;&#8221;]<div style=\"width: 560px;\" class=\"wp-video\"><video class=\"wp-video-shortcode\" id=\"video-1206-5\" width=\"560\" height=\"320\" preload=\"metadata\" controls=\"controls\"><source type=\"video\/mp4\" src=\"http:\/\/3i.al\/wp-content\/uploads\/2020\/05\/22-tetori-1-1.mp4?_=5\" \/><a href=\"http:\/\/3i.al\/wp-content\/uploads\/2020\/05\/22-tetori-1-1.mp4\">http:\/\/3i.al\/wp-content\/uploads\/2020\/05\/22-tetori-1-1.mp4<\/a><\/video><\/div>[\/vc_hoverbox][\/vc_column][vc_column width=&#8221;1\/3&#8243; css=&#8221;.vc_custom_1590064287145{border-bottom-width: 20px !important;}&#8221;][vc_hoverbox image=&#8221;270&#8243; primary_title=&#8221;Broshura, Prinderimi Pozitiv&#8221; hover_title=&#8221;Broshura Prinderimi Pozitiv&#8221;]<a href=\"http:\/\/3i.al\/wp-content\/uploads\/2020\/02\/Broshura-Prinderimi-Pozitiv-2.pdf\">Broshura Prinderimi Pozitiv<\/a>[\/vc_hoverbox][\/vc_column][\/vc_row][vc_row][vc_column width=&#8221;1\/3&#8243;][vc_hoverbox image=&#8221;1221&#8243; primary_title=&#8221;ND\u00cbRHYRJE P\u00cbR SJELLJE POZITIVE&#8221; hover_title=&#8221;&#8221;]<a href=\"http:\/\/3i.al\/wp-content\/uploads\/2019\/12\/Nd\u00ebrhyrje-p\u00ebr-sjellje-pozitive-Udh\u00ebzues-p\u00ebr-prind\u00ebrit-dhe-nx\u00ebn\u00ebsit-1.pdf\">Nd\u00ebrhyrje p\u00ebr sjellje pozitive. Udh\u00ebzues p\u00ebr prind\u00ebrit dhe nx\u00ebn\u00ebsit<\/a>[\/vc_hoverbox][\/vc_column][vc_column width=&#8221;1\/3&#8243;][vc_hoverbox image=&#8221;1050&#8243; primary_title=&#8221;Manual i Dhunes&#8221; hover_title=&#8221;&#8221;]<a href=\"http:\/\/3i.al\/wp-content\/uploads\/2019\/11\/PER-BOTIM-Manuali_Dhunes_UNICEF_final.pdf\">PER BOTIM Manuali_Dhunes UNICEF<\/a>[\/vc_hoverbox][\/vc_column][vc_column width=&#8221;1\/3&#8243;][vc_hoverbox image=&#8221;424&#8243; primary_title=&#8221;Kontrata e mesuesve&#8221; hover_title=&#8221;&#8221;]<a href=\"http:\/\/3i.al\/wp-content\/uploads\/2019\/12\/Kontrata-e-mesuesve.pdf\">Kontrata e mesuesve<\/a>[\/vc_hoverbox][\/vc_column][\/vc_row][vc_row][vc_column width=&#8221;1\/3&#8243;][vc_hoverbox image=&#8221;270&#8243; primary_title=&#8221;Kontrata e nxenesve cikli 9-vje\u00e7ar&#8221; hover_title=&#8221;&#8221;]<a href=\"http:\/\/3i.al\/wp-content\/uploads\/2019\/12\/Kontrata-e-nxenesve-cikli-9-vje\u00e7ar.pdf\">Kontrata-e-nxenesve-cikli-9-vje\u00e7ar<\/a>[\/vc_hoverbox][\/vc_column][vc_column width=&#8221;1\/3&#8243;][vc_hoverbox image=&#8221;1334&#8243; primary_title=&#8221;Kontrata e nxenesve cikli fillor&#8221; hover_title=&#8221;&#8221;]<a href=\"http:\/\/3i.al\/wp-content\/uploads\/2019\/12\/Kontrata-e-nxenesve-cikli-fillor.pdf\">Kontrata e nxenesve cikli fillor<\/a>[\/vc_hoverbox][\/vc_column][vc_column width=&#8221;1\/3&#8243;][vc_hoverbox image=&#8221;1333&#8243; primary_title=&#8221;Kontrata e prinderve&#8221; hover_title=&#8221;&#8221;]<a href=\"http:\/\/3i.al\/wp-content\/uploads\/2019\/12\/Kontrata-e-prinderve.pdf\">Kontrata e prinderve<\/a>[\/vc_hoverbox][\/vc_column][\/vc_row][vc_row][vc_column width=&#8221;1\/3&#8243;][\/vc_column][vc_column width=&#8221;1\/3&#8243;][\/vc_column][vc_column width=&#8221;1\/3&#8243;][\/vc_column][\/vc_row]<\/p>\n<\/div>","protected":false},"excerpt":{"rendered":"<p>[vc_column width=&#8221;1\/3&#8243;][vc_hoverbox image=&#8221;1221&#8243; primary_title=&#8221;ND\u00cbRHYRJE P\u00cbR SJELLJE POZITIVE&#8221; hover_title=&#8221;&#8221;]Nd\u00ebrhyrje p\u00ebr sjellje pozitive. Veprimtari online[\/vc_hoverbox][\/vc_column][vc_column width=&#8221;1\/3&#8243;][vc_hoverbox image=&#8221;1050&#8243; primary_title=&#8221;Nd\u00ebrhyrje p\u00ebr sjellje pozitive. Veprimtari online&#8221; hover_title=&#8221;&#8221;]Nd\u00ebrhyrje p\u00ebr sjellje pozitive. Veprimtari online[\/vc_hoverbox][\/vc_column][vc_column width=&#8221;1\/3&#8243;][vc_hoverbox image=&#8221;1050&#8243; primary_title=&#8221;ND\u00cbRHYRJET DHE MB\u00cbSHTETJET POZITIVE T\u00cb SJELLJES&#8221; hover_title=&#8221;&#8221;]ND\u00cbRHYRJET DHE MB\u00cbSHTETJET POZITIVE T\u00cb SJELLJES[\/vc_hoverbox][\/vc_column][vc_row][vc_column width=&#8221;1\/3&#8243;][vc_hoverbox image=&#8221;270&#8243; primary_title=&#8221;Pandeli Cale&#8221; hover_title=&#8221;&#8221;][\/vc_hoverbox][\/vc_column][vc_column width=&#8221;1\/3&#8243;][vc_hoverbox image=&#8221;270&#8243; primary_title=&#8221;Naum Veqhilarxhi&#8221; hover_title=&#8221;&#8221;][\/vc_hoverbox][\/vc_column][vc_column width=&#8221;1\/3&#8243;][vc_hoverbox image=&#8221;270&#8243; primary_title=&#8221;Gjergj Fishta&#8221; [&hellip;]<\/p>\n","protected":false},"author":2,"featured_media":1050,"parent":0,"menu_order":0,"comment_status":"closed","ping_status":"closed","template":"","meta":{"footnotes":""},"_links":{"self":[{"href":"https:\/\/3i.al\/index.php?rest_route=\/wp\/v2\/pages\/1206"}],"collection":[{"href":"https:\/\/3i.al\/index.php?rest_route=\/wp\/v2\/pages"}],"about":[{"href":"https:\/\/3i.al\/index.php?rest_route=\/wp\/v2\/types\/page"}],"author":[{"embeddable":true,"href":"https:\/\/3i.al\/index.php?rest_route=\/wp\/v2\/users\/2"}],"replies":[{"embeddable":true,"href":"https:\/\/3i.al\/index.php?rest_route=%2Fwp%2Fv2%2Fcomments&post=1206"}],"version-history":[{"count":19,"href":"https:\/\/3i.al\/index.php?rest_route=\/wp\/v2\/pages\/1206\/revisions"}],"predecessor-version":[{"id":1639,"href":"https:\/\/3i.al\/index.php?rest_route=\/wp\/v2\/pages\/1206\/revisions\/1639"}],"wp:featuredmedia":[{"embeddable":true,"href":"https:\/\/3i.al\/index.php?rest_route=\/wp\/v2\/media\/1050"}],"wp:attachment":[{"href":"https:\/\/3i.al\/index.php?rest_route=%2Fwp%2Fv2%2Fmedia&parent=1206"}],"curies":[{"name":"wp","href":"https:\/\/api.w.org\/{rel}","templated":true}]}}