{"id":549,"date":"2019-07-04T22:26:01","date_gmt":"2019-07-04T20:26:01","guid":{"rendered":"[vc_row css=\".vc_custom_1467207274037{margin-top: 50px !important;}\"][vc_column width=\"6\/12\" css=\".vc_custom_1467360650255{margin-top: 10px !important;margin-bottom: 10px !important;padding-top: 0px !important;padding-right: 40px !important;}\"][nd_options"},"modified":"2019-09-11T14:26:16","modified_gmt":"2019-09-11T12:26:16","slug":"rreth-nesh","status":"publish","type":"page","link":"https:\/\/3i.al\/?page_id=549","title":{"rendered":"Rreth nesh"},"content":{"rendered":"<div class=\"wpb-content-wrapper\"><p>[vc_row css=&#8221;.vc_custom_1467207274037{margin-top: 50px !important;}&#8221;][vc_column width=&#8221;6\/12&#8243; css=&#8221;.vc_custom_1467360650255{margin-top: 10px !important;margin-bottom: 10px !important;padding-top: 0px !important;padding-right: 40px !important;}&#8221;] <h2 style=\"color:;padding:px;text-align:right;font-size:40px;line-height:50px;letter-spacing: px;font-weight:bold\" class=\"  nd_options_text_align_center_responsive_important nd_options_first_font \">Shkolla ime \u00ebsht\u00eb nj\u00eb vend i sigurt\u00eb<\/h2> [\/vc_column][vc_column width=&#8221;3\/12&#8243; css=&#8221;.vc_custom_1467207292391{margin-top: 10px !important;margin-bottom: 10px !important;padding-top: 0px !important;}&#8221;]<div style=\"background-color:;height: 15px\" class=\"nicdark_section  \"><\/div>[vc_column_text el_class=&#8221;nd_options_text_align_center_responsive&#8221;]YWCA of Albania, n\u00eb bashk\u00ebpunim me UNICEF dhe me Ministrine e Arsimit,Sportit dhe Rinise \u00ebsht\u00eb angazhuar p\u00ebr implementimin e projekti \u201cShkolla ime \u00ebsht\u00eb nj\u00eb vend i sigurt\u00eb\u201c.[\/vc_column_text]<div style=\"background-color:;height: 15px\" class=\"nicdark_section  \"><\/div>[vc_column_text el_class=&#8221;nd_options_text_align_center_responsive&#8221;]Projekti ka si q\u00ebllim krijimin e nj\u00eb kulture pozitive n\u00eb shkoll\u00eb, q\u00eb do t\u00eb ndihmoj\u00eb n\u00eb m\u00ebsimdh\u00ebnien frym\u00ebzuese dhe m\u00ebsimnx\u00ebnien angazhuese, duke parandaluar shumic\u00ebn e problemeve disiplinore dhe angazhimin n\u00eb sjellje t\u00eb pranueshme socialisht.[\/vc_column_text][\/vc_column][vc_column width=&#8221;3\/12&#8243; css=&#8221;.vc_custom_1467207298589{margin-top: 10px !important;margin-bottom: 10px !important;padding-top: 0px !important;}&#8221;]<div style=\"background-color:;height: 15px\" class=\"nicdark_section  \"><\/div>[vc_column_text el_class=&#8221;nd_options_text_align_center_responsive&#8221;]Parimet themelore q\u00eb do t\u00eb udh\u00ebheqin nd\u00ebrveprimet n\u00eb shkoll\u00eb, sht\u00ebpi dhe komunitet, do t\u00eb bazohen tek formulimet e 3 I-ve (I respektuesh\u00ebm, I p\u00ebrgjegjsh\u00ebm dhe I sigurt\u00eb).[\/vc_column_text]<div style=\"background-color:;height: 15px\" class=\"nicdark_section  \"><\/div>[vc_column_text el_class=&#8221;nd_options_text_align_center_responsive&#8221;]Projekti do t\u00eb zhvillohet n\u00eb shkollat 9- vje\u00e7are t\u00eb kat\u00ebr qyteteve t\u00eb Shqip\u00ebris\u00eb, p\u00ebrkat\u00ebsisht n\u00eb Tiran\u00eb, Kor\u00e7\u00eb, Berat dhe Lezh\u00eb.[\/vc_column_text][\/vc_column][\/vc_row][vc_row full_width=&#8221;stretch_row&#8221; parallax=&#8221;content-moving&#8221; parallax_image=&#8221;102&#8243; css=&#8221;.vc_custom_1536162208464{margin-top: 50px !important;padding-top: 100px !important;padding-bottom: 100px !important;}&#8221; el_class=&#8221;nd_options_vc_parallax_filter_1_3&#8243; el_id=&#8221;about_us_services_section&#8221;][vc_column width=&#8221;8\/12&#8243;]\n\n\n    <div class=\"nd_options_section nd_options_position_relative \">\n        <img decoding=\"async\" alt=\"\" class=\"nd_options_position_absolute nd_options_left_0\" width=\"55\" src=\"\">\n        <div class=\"nd_options_section nd_options_padding_left_80 nd_options_box_sizing_border_box\">\n            <h1 class=\"nd_options_font_size_40 nd_options_line_height_50\" style=\"color:#ffffff\"><strong>I respektuesh\u00ebm,<br \/>\nI p\u00ebrgjegjsh\u00ebm,<br \/>\nI sigurt\u00eb<\/strong><\/h1>\n        <\/div>\n    <\/div>\n\n\n  <div style=\"background-color:;height: 70px\" class=\"nicdark_section  \"><\/div>[\/vc_column][vc_column width=&#8221;4\/12&#8243;][\/vc_column][\/vc_row][vc_row css=&#8221;.vc_custom_1535641766921{margin-top: 50px !important;}&#8221; el_class=&#8221;about_us_number_section&#8221;][vc_column width=&#8221;1\/2&#8243; css=&#8221;.vc_custom_1467360790728{padding-top: 50px !important;padding-right: 40px !important;padding-bottom: 50px !important;padding-left: 40px !important;}&#8221;]\n\n    <div class=\"nd_options_section \">    \n        <h1 style=\"color:\" class=\"nd_options_font_size_40\"><strong><span style=\"color:#0071bb\">01.<\/span> Nx\u00ebn\u00ebsit<\/strong><\/h1>\n        <div class=\"nd_options_section nd_options_height_20\"><\/div>\n        <p style=\"color:\">YWCA, n\u00ebp\u00ebrmjet trajnimeve t\u00eb vazhdueshme me qeverin\u00eb e nx\u00ebn\u00ebsve, sesioneve me bashk\u00ebmoshatar\u00ebt, mb\u00ebshtetjen p\u00ebr krijimin e 3-Ive, dizenjimin e posterave q\u00eb paraqesin kultur\u00ebn pozitive n\u00eb klas\u00eb dhe shkoll\u00eb, si dhe n\u00ebp\u00ebrmjet bashk\u00ebpunimit dhe monitorimit t\u00eb vazhduesh\u00ebm, synon fuqizimin e nx\u00ebn\u00ebsve dhe anagazhimin e tyre ne sjellje prosociale.<\/p>\n    <\/div>\n\n  [\/vc_column][vc_column width=&#8221;1\/2&#8243; css=&#8221;.vc_custom_1467360805288{padding-top: 50px !important;padding-right: 40px !important;padding-bottom: 50px !important;padding-left: 40px !important;}&#8221;]\n\n    <div class=\"nd_options_section \">    \n        <h1 style=\"color:\" class=\"nd_options_font_size_40\"><strong><span style=\"color:#8bc63f\">02.<\/span> Prind\u00ebrit<\/strong><\/h1>\n        <div class=\"nd_options_section nd_options_height_20\"><\/div>\n        <p style=\"color:\">Me q\u00ebllim tej\u00e7imin e kultur\u00ebs pozitive nga shkolla n\u00eb sht\u00ebpi dhe m\u00eb tej n\u00eb komunitet, n\u00eb projekt do t\u00eb p\u00ebrfshihen edhe prind\u00ebrit. YWCA do t\u00eb zhvilloj\u00eb trajnime me prind\u00ebrit, si dhe hartim t\u00eb manualeve dhe broshurave, me q\u00ebllim nd\u00ebrgjegj\u00ebsimin p\u00ebr efektet negative t\u00eb praktikave dhunshme t\u00eb disiplinimit dhe nxitjen e nd\u00ebrveprimit pozitiv, p\u00ebrkujdes\u00ebs dhe t\u00eb dashur.<\/p>\n    <\/div>\n\n  [\/vc_column][\/vc_row][vc_row el_class=&#8221;about_us_number_section&#8221; css=&#8221;.vc_custom_1536162333342{margin-bottom: 50px !important;}&#8221;][vc_column width=&#8221;1\/2&#8243; css=&#8221;.vc_custom_1467360704190{padding-top: 50px !important;padding-right: 40px !important;padding-bottom: 50px !important;padding-left: 40px !important;}&#8221;]\n\n    <div class=\"nd_options_section \">    \n        <h1 style=\"color:\" class=\"nd_options_font_size_40\"><strong><span style=\"color:#f15a24\">03.<\/span> M\u00ebsuesit<\/strong><\/h1>\n        <div class=\"nd_options_section nd_options_height_20\"><\/div>\n        <p style=\"color:\">Pjese e projektit, do t\u00eb jen\u00eb edhe m\u00ebsuesit. Shoqata Kristiane e Grave Shqiptare ka si objektiva mentorimin e vazhduesh\u00ebm t\u00eb m\u00ebsues\u00ebve, nxitjen e rrjet\u00ebzimit mes shkollave, me fokus ndarjen e informacionit dhe komunikimin se cilat nga praktikat e disiplinimit jan\u00eb m\u00eb t\u00eb p\u00ebrshtatshme dhe t\u00eb efektshme.<\/p>\n    <\/div>\n\n  [\/vc_column][vc_column width=&#8221;1\/2&#8243; css=&#8221;.vc_custom_1467360823635{padding-top: 50px !important;padding-right: 40px !important;padding-bottom: 40px !important;padding-left: 40px !important;}&#8221;]\n\n    <div class=\"nd_options_section \">    \n        <h1 style=\"color:\" class=\"nd_options_font_size_40\"><strong><span style=\"color:#74cee4\">04.<\/span> Shkolla<\/strong><\/h1>\n        <div class=\"nd_options_section nd_options_height_20\"><\/div>\n        <p style=\"color:\">T\u00eb gjitha shkollat n\u00eb projekt do t\u00eb mb\u00ebshteten vazhdimisht, si dhe do t\u00eb krijohen programe t\u00eb certifikimit, m\u00eb q\u00ebllimin nxitjen, por edhe njohjen e inovacionit, kreativitetit dhe pun\u00ebs s\u00eb shkollave n\u00eb kuad\u00ebr t\u00eb nd\u00ebrgjegj\u00ebsimit p\u00ebr sjelljet pozitive.<\/p>\n    <\/div>\n\n  [\/vc_column][\/vc_row][vc_row el_class=&#8221;about_us_number_section&#8221; css=&#8221;.vc_custom_1536162333342{margin-bottom: 50px !important;}&#8221;][vc_column css=&#8221;.vc_custom_1562272694188{padding-top: 50px !important;padding-right: 40px !important;padding-bottom: 50px !important;padding-left: 40px !important;}&#8221;][vc_column_text]YWCA, ka n\u00eb fokus edhe dhun\u00ebn me baz\u00eb gjinore, qoft\u00eb gjate pun\u00ebs me prind\u00ebrit dhe rolin e tyre t\u00eb r\u00ebnd\u00ebsish\u00ebm p\u00ebr identifikimin gjinor, edhe gjate punes per nd\u00ebrgjegj\u00ebsimin e shkollave dhe komunitetit se format e dhun\u00ebs t\u00eb bazuara n\u00eb steriotipet gjinore, jan\u00eb po aq t\u00eb d\u00ebmshme, sa dhuna fizike apo psikologjike.<\/p>\n<p>YWCA \u00ebsht\u00eb angazhuar n\u00eb krijimin e k\u00ebtij website, dedikuar k\u00ebtij projekti, ku do t\u00eb pasqyrohet puna e p\u00ebrbashk\u00ebt (aktivitete, foto, video), por do t\u00eb sh\u00ebrbej\u00eb edhe si mjet informimi dhe nd\u00ebrgjegj\u00ebsimi p\u00ebr t\u00eb gjith\u00eb m\u00ebsuesit, shkollat, nx\u00ebn\u00ebsit dhe prind\u00ebrit q\u00eb mb\u00ebshtesin kultur\u00ebn pozitive. Tema t\u00eb ndryshme t\u00eb lidhura me nd\u00ebrhyrjen, do t\u00eb zhvillohen n\u00eb form\u00ebn e debateve dhe talk-show n\u00eb media t\u00eb ndryshme.<\/p>\n<p>YWCA, mb\u00ebshtetur nga UNICEF, gjat\u00eb pun\u00ebs s\u00eb vazhdueshme me nx\u00ebn\u00ebs, m\u00ebsues dhe prind\u00ebr, synon eleminimin e praktikave t\u00eb dhunshme t\u00eb disiplinimit dhe ofrimin e alternativ\u00ebs s\u00eb angazhimit n\u00eb sjellje t\u00eb pranueshme socialisht. Krijimi i kultur\u00ebs pozitive, n\u00ebp\u00ebrmejt trajnimeve, diskutimeve me m\u00ebsues, nx\u00ebn\u00ebs, prind\u00ebr, venia n\u00eb dispozicion e manualeve dhe broshurave rreth praktikave pozitive, kan\u00eb si q\u00ebllim krijimin e nj\u00eb mjedisi t\u00eb sigurt\u00eb, t\u00eb qet\u00eb, frym\u00ebzues, q\u00eb \u00ebsht\u00eb i p\u00ebrshtatsh\u00ebm p\u00ebr zhvillimin socio-emocional dhe nxit arritjet akademike.[\/vc_column_text][\/vc_column][\/vc_row]<\/p>\n<\/div>","protected":false},"excerpt":{"rendered":"<p>[vc_row css=&#8221;.vc_custom_1467207274037{margin-top: 50px !important;}&#8221;][vc_column width=&#8221;6\/12&#8243; css=&#8221;.vc_custom_1467360650255{margin-top: 10px !important;margin-bottom: 10px !important;padding-top: 0px !important;padding-right: 40px !important;}&#8221;][\/vc_column][vc_column width=&#8221;3\/12&#8243; css=&#8221;.vc_custom_1467207292391{margin-top: 10px !important;margin-bottom: 10px !important;padding-top: 0px !important;}&#8221;][vc_column_text el_class=&#8221;nd_options_text_align_center_responsive&#8221;]YWCA of Albania, n\u00eb bashk\u00ebpunim me UNICEF dhe me Ministrine e Arsimit,Sportit dhe Rinise \u00ebsht\u00eb angazhuar p\u00ebr implementimin e projekti \u201cShkolla ime \u00ebsht\u00eb nj\u00eb vend i sigurt\u00eb\u201c.[\/vc_column_text][vc_column_text el_class=&#8221;nd_options_text_align_center_responsive&#8221;]Projekti ka si q\u00ebllim krijimin e [&hellip;]<\/p>\n","protected":false},"author":1,"featured_media":294,"parent":0,"menu_order":0,"comment_status":"closed","ping_status":"closed","template":"","meta":{"footnotes":""},"_links":{"self":[{"href":"https:\/\/3i.al\/index.php?rest_route=\/wp\/v2\/pages\/549"}],"collection":[{"href":"https:\/\/3i.al\/index.php?rest_route=\/wp\/v2\/pages"}],"about":[{"href":"https:\/\/3i.al\/index.php?rest_route=\/wp\/v2\/types\/page"}],"author":[{"embeddable":true,"href":"https:\/\/3i.al\/index.php?rest_route=\/wp\/v2\/users\/1"}],"replies":[{"embeddable":true,"href":"https:\/\/3i.al\/index.php?rest_route=%2Fwp%2Fv2%2Fcomments&post=549"}],"version-history":[{"count":15,"href":"https:\/\/3i.al\/index.php?rest_route=\/wp\/v2\/pages\/549\/revisions"}],"predecessor-version":[{"id":1056,"href":"https:\/\/3i.al\/index.php?rest_route=\/wp\/v2\/pages\/549\/revisions\/1056"}],"wp:featuredmedia":[{"embeddable":true,"href":"https:\/\/3i.al\/index.php?rest_route=\/wp\/v2\/media\/294"}],"wp:attachment":[{"href":"https:\/\/3i.al\/index.php?rest_route=%2Fwp%2Fv2%2Fmedia&parent=549"}],"curies":[{"name":"wp","href":"https:\/\/api.w.org\/{rel}","templated":true}]}}