{"id":96,"date":"2018-09-05T15:21:35","date_gmt":"2018-09-05T15:21:35","guid":{"rendered":"<p>[vc_row gap=\"30\" equal_height=\"yes\" content_placement=\"top\" css=\".vc_custom_1562274258217{margin-top: 50px !important;}\"][vc_column width=\"1\/3\" css=\".vc_custom_1562274738593{padding-top: 10px !important;padding-bottom: 10px !important;}\" offset=\"vc_col"},"modified":"2019-07-15T18:06:36","modified_gmt":"2019-07-15T16:06:36","slug":"parimet-baze","status":"publish","type":"page","link":"https:\/\/3i.al\/?page_id=96","title":{"rendered":"Parimet baz\u00eb"},"content":{"rendered":"<div class=\"wpb-content-wrapper\"><p>[vc_row gap=&#8221;30&#8243; equal_height=&#8221;yes&#8221; content_placement=&#8221;top&#8221; css=&#8221;.vc_custom_1562274258217{margin-top: 50px !important;}&#8221;][vc_column width=&#8221;1\/3&#8243; css=&#8221;.vc_custom_1562274738593{padding-top: 10px !important;padding-bottom: 10px !important;}&#8221; offset=&#8221;vc_col-xs-12&#8243;]\n\n    <div class=\"nd_options_section services_1st_row\">    \n        <h1 style=\"color:#0071bb\" class=\"nd_options_font_size_40\"><strong><span style=\"color:#0071bb\">1.<\/span> Niveli Par\u00ebsor<\/strong><\/h1>\n        <div class=\"nd_options_section nd_options_height_20\"><\/div>\n        <p style=\"color:\">Praktikat universale p\u00ebrjetohen nga t\u00eb gjith\u00eb nx\u00ebn\u00ebsit dhe m\u00ebsuesit n\u00eb t\u00eb gjitha mjediset p\u00ebr t\u00eb krijuar nj\u00eb klim\u00eb t\u00eb parashikueshme, konsistente, pozitive dhe t\u00eb sigurt\u00eb. Niveli par\u00ebsor fokusohet tek nd\u00ebrhyrjet e mb\u00ebshtetjes pozitive t\u00eb sjelljes q\u00eb do t\u00eb mb\u00ebshtesin t\u00eb gjith\u00eb f\u00ebmij\u00ebt, n\u00eb t\u00eb gjith\u00eb shkoll\u00ebn (80%).<\/p>\n    <\/div>\n\n  [\/vc_column][vc_column width=&#8221;1\/3&#8243; css=&#8221;.vc_custom_1562273981632{padding-top: 10px !important;padding-bottom: 10px !important;}&#8221;]\n\n    <div class=\"nd_options_section services_1st_row\">    \n        <h1 style=\"color:#8bc63f\" class=\"nd_options_font_size_40\"><strong><span style=\"color:#8bc63f\">2.<\/span> Niveli dyt\u00ebsor<\/strong><\/h1>\n        <div class=\"nd_options_section nd_options_height_20\"><\/div>\n        <p style=\"color:\">Praktikat e targetuara jan\u00eb t\u00eb dizenjuara p\u00ebr nx\u00ebn\u00ebsit q\u00eb kan\u00eb m\u00eb shum\u00eb nevoj\u00eb p\u00ebr mb\u00ebshtetje,reagime, struktur\u00eb dhe udh\u00ebzime. Niveli i dyt\u00eb i nd\u00ebrhyrjeve synon nj\u00eb grup specifik nx\u00ebn\u00ebsish, p\u00ebrkat\u00ebsisht 15%.<\/p>\n    <\/div>\n\n  [\/vc_column][vc_column width=&#8221;1\/3&#8243; css=&#8221;.vc_custom_1562274775180{padding-top: 10px !important;padding-bottom: 10px !important;}&#8221; offset=&#8221;vc_col-sm-offset-0&#8243;]\n\n    <div class=\"nd_options_section services_1st_row\">    \n        <h1 style=\"color:#f15a24\" class=\"nd_options_font_size_40\"><strong><span style=\"color:#f15a24\">3.<\/span> Niveli tret\u00ebsor<\/strong><\/h1>\n        <div class=\"nd_options_section nd_options_height_20\"><\/div>\n        <p style=\"color:\">Praktikat e individualizuara jan\u00eb nd\u00ebrhyrje m\u00eb intensive dhe m\u00eb t\u00eb personalizuara, p\u00ebr t\u00eb sjell\u00eb ndryshime tek nx\u00ebn\u00ebsit q\u00eb nuk iu p\u00ebrgjigjen dy niveleve t\u00eb para. Niveli i tret\u00eb i nd\u00ebrhyrjeve, \u00ebsht\u00eb m\u00eb i individualizuar dhe synon 5% te f\u00ebmij\u00ebve q\u00eb shfaqin m\u00eb shum\u00eb v\u00ebshir\u00ebsi.<\/p>\n    <\/div>\n\n  [\/vc_column][\/vc_row][vc_row full_width=&#8221;stretch_row&#8221; parallax=&#8221;content-moving&#8221; parallax_image=&#8221;104&#8243; css=&#8221;.vc_custom_1562273783035{margin-top: 50px !important;padding-top: 200px !important;padding-bottom: 200px !important;}&#8221; el_class=&#8221;nd_options_vc_parallax_filter_1_4&#8243;][vc_column][\/vc_column][\/vc_row]<\/p>\n<\/div>","protected":false},"excerpt":{"rendered":"<p>[vc_row gap=&#8221;30&#8243; equal_height=&#8221;yes&#8221; content_placement=&#8221;top&#8221; css=&#8221;.vc_custom_1562274258217{margin-top: 50px !important;}&#8221;][vc_column width=&#8221;1\/3&#8243; css=&#8221;.vc_custom_1562274738593{padding-top: 10px !important;padding-bottom: 10px !important;}&#8221; offset=&#8221;vc_col-xs-12&#8243;][\/vc_column][vc_column width=&#8221;1\/3&#8243; css=&#8221;.vc_custom_1562273981632{padding-top: 10px !important;padding-bottom: 10px !important;}&#8221;][\/vc_column][vc_column width=&#8221;1\/3&#8243; css=&#8221;.vc_custom_1562274775180{padding-top: 10px !important;padding-bottom: 10px !important;}&#8221; offset=&#8221;vc_col-sm-offset-0&#8243;][\/vc_column][\/vc_row][vc_row full_width=&#8221;stretch_row&#8221; parallax=&#8221;content-moving&#8221; parallax_image=&#8221;104&#8243; css=&#8221;.vc_custom_1562273783035{margin-top: 50px !important;padding-top: 200px !important;padding-bottom: 200px !important;}&#8221; el_class=&#8221;nd_options_vc_parallax_filter_1_4&#8243;][vc_column][\/vc_column][\/vc_row]<\/p>\n","protected":false},"author":1,"featured_media":523,"parent":0,"menu_order":0,"comment_status":"closed","ping_status":"closed","template":"","meta":{"footnotes":""},"_links":{"self":[{"href":"https:\/\/3i.al\/index.php?rest_route=\/wp\/v2\/pages\/96"}],"collection":[{"href":"https:\/\/3i.al\/index.php?rest_route=\/wp\/v2\/pages"}],"about":[{"href":"https:\/\/3i.al\/index.php?rest_route=\/wp\/v2\/types\/page"}],"author":[{"embeddable":true,"href":"https:\/\/3i.al\/index.php?rest_route=\/wp\/v2\/users\/1"}],"replies":[{"embeddable":true,"href":"https:\/\/3i.al\/index.php?rest_route=%2Fwp%2Fv2%2Fcomments&post=96"}],"version-history":[{"count":11,"href":"https:\/\/3i.al\/index.php?rest_route=\/wp\/v2\/pages\/96\/revisions"}],"predecessor-version":[{"id":750,"href":"https:\/\/3i.al\/index.php?rest_route=\/wp\/v2\/pages\/96\/revisions\/750"}],"wp:featuredmedia":[{"embeddable":true,"href":"https:\/\/3i.al\/index.php?rest_route=\/wp\/v2\/media\/523"}],"wp:attachment":[{"href":"https:\/\/3i.al\/index.php?rest_route=%2Fwp%2Fv2%2Fmedia&parent=96"}],"curies":[{"name":"wp","href":"https:\/\/api.w.org\/{rel}","templated":true}]}}